{"id":2522,"date":"2021-01-05T19:08:13","date_gmt":"2021-01-05T16:08:13","guid":{"rendered":"https:\/\/antredekor.com\/tr\/?page_id=2522"},"modified":"2021-02-07T13:17:21","modified_gmt":"2021-02-07T10:17:21","slug":"hesabim","status":"publish","type":"page","link":"https:\/\/antredekor.com\/tr\/hesabim\/","title":{"rendered":"HESABIM"},"content":{"rendered":"<div class=\"fusion-fullwidth fullwidth-box fusion-builder-row-1 fusion-flex-container nonhundred-percent-fullwidth non-hundred-percent-height-scrolling\" style=\"--awb-border-radius-top-left:0px;--awb-border-radius-top-right:0px;--awb-border-radius-bottom-right:0px;--awb-border-radius-bottom-left:0px;--awb-flex-wrap:wrap;\" ><div class=\"fusion-builder-row fusion-row fusion-flex-align-items-flex-start fusion-flex-content-wrap\" style=\"max-width:1560px;margin-left: calc(-4% \/ 2 );margin-right: calc(-4% \/ 2 );\"><div class=\"fusion-layout-column fusion_builder_column fusion-builder-column-0 fusion_builder_column_2_3 2_3 fusion-flex-column\" style=\"--awb-bg-size:cover;--awb-width-large:66.666666666667%;--awb-margin-top-large:0px;--awb-spacing-right-large:2.88%;--awb-margin-bottom-large:0px;--awb-spacing-left-large:2.88%;--awb-width-medium:100%;--awb-spacing-right-medium:1.92%;--awb-spacing-left-medium:1.92%;--awb-width-small:100%;--awb-spacing-right-small:1.92%;--awb-spacing-left-small:1.92%;\"><div class=\"fusion-column-wrapper fusion-flex-justify-content-flex-start fusion-content-layout-column\"><div class=\"fusion-text fusion-text-1\"><div class=\"woocommerce\"><\/div>\n<\/div><\/div><\/div><div class=\"fusion-layout-column fusion_builder_column fusion-builder-column-1 fusion_builder_column_1_3 1_3 fusion-flex-column\" style=\"--awb-bg-size:cover;--awb-width-large:33.333333333333%;--awb-margin-top-large:0px;--awb-spacing-right-large:5.76%;--awb-margin-bottom-large:0px;--awb-spacing-left-large:5.76%;--awb-width-medium:100%;--awb-spacing-right-medium:1.92%;--awb-spacing-left-medium:1.92%;--awb-width-small:100%;--awb-spacing-right-small:1.92%;--awb-spacing-left-small:1.92%;\"><div class=\"fusion-column-wrapper fusion-flex-justify-content-flex-start fusion-content-layout-column\"><div class=\"fusion-widget fusion-widget-element fusion-widget-area fusion-content-widget-area wpWidget-1 wp_nav_menu_widget\" style=\"--awb-fusion-border-size:0px;--awb-fusion-border-style:solid;\"><div class=\"widget widget_nav_menu\"><div class=\"menu-site-kurallari-container\"><ul id=\"menu-site-kurallari\" class=\"menu\"><li id=\"menu-item-2635\" class=\"menu-item menu-item-type-post_type menu-item-object-page menu-item-2635\"><a href=\"https:\/\/antredekor.com\/tr\/site-kurallari\/\">Site Kurallar\u0131<\/a><\/li>\n<li id=\"menu-item-2634\" class=\"menu-item menu-item-type-post_type menu-item-object-page menu-item-2634\"><a href=\"https:\/\/antredekor.com\/tr\/mesafeli-satis-sozlesmesi\/\">Mesafeli Sat\u0131\u015f S\u00f6zle\u015fmesi<\/a><\/li>\n<li id=\"menu-item-2773\" class=\"menu-item menu-item-type-post_type menu-item-object-page menu-item-privacy-policy menu-item-2773\"><a rel=\"privacy-policy\" href=\"https:\/\/antredekor.com\/tr\/gizlilik-politikasi\/\">Gizlilik politikas\u0131<\/a><\/li>\n<li id=\"menu-item-3111\" class=\"menu-item menu-item-type-post_type menu-item-object-page menu-item-3111\"><a href=\"https:\/\/antredekor.com\/tr\/site-kurallari\/teslimat-ve-iade\/\">Teslimat ve \u0130ade<\/a><\/li>\n<li id=\"menu-item-2638\" class=\"menu-item menu-item-type-post_type menu-item-object-page menu-item-2638\"><a href=\"https:\/\/antredekor.com\/tr\/hesabim\/\">Hesab\u0131m<\/a><\/li>\n<li id=\"menu-item-2637\" class=\"menu-item menu-item-type-post_type menu-item-object-page menu-item-2637\"><a href=\"https:\/\/antredekor.com\/tr\/odeme\/\">\u00d6deme<\/a><\/li>\n<li id=\"menu-item-2636\" class=\"menu-item menu-item-type-post_type menu-item-object-page menu-item-2636\"><a href=\"https:\/\/antredekor.com\/tr\/sepetiniz\/\">Sepetiniz<\/a><\/li>\n<\/ul><\/div><\/div><\/div><\/div><\/div><\/div><\/div>\n","protected":false},"excerpt":{"rendered":"","protected":false},"author":1,"featured_media":0,"parent":0,"menu_order":0,"comment_status":"closed","ping_status":"closed","template":"","meta":{"footnotes":""},"class_list":["post-2522","page","type-page","status-publish","hentry"],"yoast_head":"<!-- This site is optimized with the Yoast SEO plugin v27.3 - https:\/\/yoast.com\/product\/yoast-seo-wordpress\/ -->\n<title>HESABIM - Antre Dekor<\/title>\n<meta name=\"robots\" content=\"index, follow, max-snippet:-1, max-image-preview:large, max-video-preview:-1\" \/>\n<link rel=\"canonical\" href=\"https:\/\/antredekor.com\/tr\/hesabim\/\" \/>\n<meta property=\"og:locale\" content=\"tr_TR\" \/>\n<meta property=\"og:type\" content=\"article\" \/>\n<meta property=\"og:title\" content=\"HESABIM - Antre Dekor\" \/>\n<meta property=\"og:url\" content=\"https:\/\/antredekor.com\/tr\/hesabim\/\" \/>\n<meta property=\"og:site_name\" content=\"Antre Dekor\" \/>\n<meta property=\"article:modified_time\" content=\"2021-02-07T10:17:21+00:00\" \/>\n<meta name=\"twitter:card\" content=\"summary_large_image\" \/>\n<meta name=\"twitter:label1\" content=\"Tahmini okuma s\u00fcresi\" \/>\n\t<meta name=\"twitter:data1\" content=\"2 dakika\" \/>\n<script type=\"application\/ld+json\" class=\"yoast-schema-graph\">{\"@context\":\"https:\\\/\\\/schema.org\",\"@graph\":[{\"@type\":\"WebPage\",\"@id\":\"https:\\\/\\\/antredekor.com\\\/tr\\\/hesabim\\\/\",\"url\":\"https:\\\/\\\/antredekor.com\\\/tr\\\/hesabim\\\/\",\"name\":\"HESABIM - Antre Dekor\",\"isPartOf\":{\"@id\":\"https:\\\/\\\/antredekor.com\\\/tr\\\/#website\"},\"datePublished\":\"2021-01-05T16:08:13+00:00\",\"dateModified\":\"2021-02-07T10:17:21+00:00\",\"breadcrumb\":{\"@id\":\"https:\\\/\\\/antredekor.com\\\/tr\\\/hesabim\\\/#breadcrumb\"},\"inLanguage\":\"tr\",\"potentialAction\":[{\"@type\":\"ReadAction\",\"target\":[\"https:\\\/\\\/antredekor.com\\\/tr\\\/hesabim\\\/\"]}]},{\"@type\":\"BreadcrumbList\",\"@id\":\"https:\\\/\\\/antredekor.com\\\/tr\\\/hesabim\\\/#breadcrumb\",\"itemListElement\":[{\"@type\":\"ListItem\",\"position\":1,\"name\":\"Anasayfa\",\"item\":\"https:\\\/\\\/antredekor.com\\\/tr\\\/\"},{\"@type\":\"ListItem\",\"position\":2,\"name\":\"HESABIM\"}]},{\"@type\":\"WebSite\",\"@id\":\"https:\\\/\\\/antredekor.com\\\/tr\\\/#website\",\"url\":\"https:\\\/\\\/antredekor.com\\\/tr\\\/\",\"name\":\"Antre Dekor\",\"description\":\"Sizi kar\u015f\u0131layan detaylar!\",\"publisher\":{\"@id\":\"https:\\\/\\\/antredekor.com\\\/tr\\\/#organization\"},\"potentialAction\":[{\"@type\":\"SearchAction\",\"target\":{\"@type\":\"EntryPoint\",\"urlTemplate\":\"https:\\\/\\\/antredekor.com\\\/tr\\\/?s={search_term_string}\"},\"query-input\":{\"@type\":\"PropertyValueSpecification\",\"valueRequired\":true,\"valueName\":\"search_term_string\"}}],\"inLanguage\":\"tr\"},{\"@type\":\"Organization\",\"@id\":\"https:\\\/\\\/antredekor.com\\\/tr\\\/#organization\",\"name\":\"Antredekor\",\"url\":\"https:\\\/\\\/antredekor.com\\\/tr\\\/\",\"logo\":{\"@type\":\"ImageObject\",\"inLanguage\":\"tr\",\"@id\":\"https:\\\/\\\/antredekor.com\\\/tr\\\/#\\\/schema\\\/logo\\\/image\\\/\",\"url\":\"https:\\\/\\\/antredekor.com\\\/tr\\\/wp-content\\\/uploads\\\/2021\\\/02\\\/antre-dekor-logo-sari-270x270-1.png\",\"contentUrl\":\"https:\\\/\\\/antredekor.com\\\/tr\\\/wp-content\\\/uploads\\\/2021\\\/02\\\/antre-dekor-logo-sari-270x270-1.png\",\"width\":270,\"height\":268,\"caption\":\"Antredekor\"},\"image\":{\"@id\":\"https:\\\/\\\/antredekor.com\\\/tr\\\/#\\\/schema\\\/logo\\\/image\\\/\"}}]}<\/script>\n<!-- \/ Yoast SEO plugin. -->","yoast_head_json":{"title":"HESABIM - Antre Dekor","robots":{"index":"index","follow":"follow","max-snippet":"max-snippet:-1","max-image-preview":"max-image-preview:large","max-video-preview":"max-video-preview:-1"},"canonical":"https:\/\/antredekor.com\/tr\/hesabim\/","og_locale":"tr_TR","og_type":"article","og_title":"HESABIM - Antre Dekor","og_url":"https:\/\/antredekor.com\/tr\/hesabim\/","og_site_name":"Antre Dekor","article_modified_time":"2021-02-07T10:17:21+00:00","twitter_card":"summary_large_image","twitter_misc":{"Tahmini okuma s\u00fcresi":"2 dakika"},"schema":{"@context":"https:\/\/schema.org","@graph":[{"@type":"WebPage","@id":"https:\/\/antredekor.com\/tr\/hesabim\/","url":"https:\/\/antredekor.com\/tr\/hesabim\/","name":"HESABIM - Antre Dekor","isPartOf":{"@id":"https:\/\/antredekor.com\/tr\/#website"},"datePublished":"2021-01-05T16:08:13+00:00","dateModified":"2021-02-07T10:17:21+00:00","breadcrumb":{"@id":"https:\/\/antredekor.com\/tr\/hesabim\/#breadcrumb"},"inLanguage":"tr","potentialAction":[{"@type":"ReadAction","target":["https:\/\/antredekor.com\/tr\/hesabim\/"]}]},{"@type":"BreadcrumbList","@id":"https:\/\/antredekor.com\/tr\/hesabim\/#breadcrumb","itemListElement":[{"@type":"ListItem","position":1,"name":"Anasayfa","item":"https:\/\/antredekor.com\/tr\/"},{"@type":"ListItem","position":2,"name":"HESABIM"}]},{"@type":"WebSite","@id":"https:\/\/antredekor.com\/tr\/#website","url":"https:\/\/antredekor.com\/tr\/","name":"Antre Dekor","description":"Sizi kar\u015f\u0131layan detaylar!","publisher":{"@id":"https:\/\/antredekor.com\/tr\/#organization"},"potentialAction":[{"@type":"SearchAction","target":{"@type":"EntryPoint","urlTemplate":"https:\/\/antredekor.com\/tr\/?s={search_term_string}"},"query-input":{"@type":"PropertyValueSpecification","valueRequired":true,"valueName":"search_term_string"}}],"inLanguage":"tr"},{"@type":"Organization","@id":"https:\/\/antredekor.com\/tr\/#organization","name":"Antredekor","url":"https:\/\/antredekor.com\/tr\/","logo":{"@type":"ImageObject","inLanguage":"tr","@id":"https:\/\/antredekor.com\/tr\/#\/schema\/logo\/image\/","url":"https:\/\/antredekor.com\/tr\/wp-content\/uploads\/2021\/02\/antre-dekor-logo-sari-270x270-1.png","contentUrl":"https:\/\/antredekor.com\/tr\/wp-content\/uploads\/2021\/02\/antre-dekor-logo-sari-270x270-1.png","width":270,"height":268,"caption":"Antredekor"},"image":{"@id":"https:\/\/antredekor.com\/tr\/#\/schema\/logo\/image\/"}}]}},"_links":{"self":[{"href":"https:\/\/antredekor.com\/tr\/wp-json\/wp\/v2\/pages\/2522","targetHints":{"allow":["GET"]}}],"collection":[{"href":"https:\/\/antredekor.com\/tr\/wp-json\/wp\/v2\/pages"}],"about":[{"href":"https:\/\/antredekor.com\/tr\/wp-json\/wp\/v2\/types\/page"}],"author":[{"embeddable":true,"href":"https:\/\/antredekor.com\/tr\/wp-json\/wp\/v2\/users\/1"}],"replies":[{"embeddable":true,"href":"https:\/\/antredekor.com\/tr\/wp-json\/wp\/v2\/comments?post=2522"}],"version-history":[{"count":3,"href":"https:\/\/antredekor.com\/tr\/wp-json\/wp\/v2\/pages\/2522\/revisions"}],"predecessor-version":[{"id":2772,"href":"https:\/\/antredekor.com\/tr\/wp-json\/wp\/v2\/pages\/2522\/revisions\/2772"}],"wp:attachment":[{"href":"https:\/\/antredekor.com\/tr\/wp-json\/wp\/v2\/media?parent=2522"}],"curies":[{"name":"wp","href":"https:\/\/api.w.org\/{rel}","templated":true}]}}