{"id":2786,"date":"2021-02-07T19:49:24","date_gmt":"2021-02-07T16:49:24","guid":{"rendered":"https:\/\/antredekor.com\/tr\/?post_type=product&#038;p=2786"},"modified":"2026-03-05T12:36:10","modified_gmt":"2026-03-05T09:36:10","slug":"eyfel-aynali-orta-sehpa","status":"publish","type":"product","link":"https:\/\/antredekor.com\/tr\/urun\/eyfel-aynali-orta-sehpa\/","title":{"rendered":"Eyfel Aynal\u0131 Orta Sehpa"},"content":{"rendered":"<p>Eyfel Aynal\u0131 Orta Sehpa<\/p>\n<p>Eyfel Aynal\u0131 Orta Sehpa standart olarak 120 cm boy ve 80 cm enindedir. Bu modelde f\u00fcme, bronz, \u015feffaf renklerde ve istedi\u011finiz \u00f6l\u00e7\u00fclerde \u00e7al\u0131\u015fma imkan\u0131na sahibiz. Farkl\u0131 renk ve \u00f6l\u00e7\u00fc tercihleriniz i\u00e7in bizimle ileti\u015fime ge\u00e7ebilirsiniz.<\/p>\n<p>\u00dcr\u00fcn\u00fcn \u00f6mr\u00fcn\u00fc uzun tutmak i\u00e7in temizli\u011finin nemli bir bezle yap\u0131lmas\u0131 \u00f6nerilmektedir.<\/p>\n<p>Al\u0131nan sipari\u015fler onayland\u0131ktan sonra at\u00f6lyemiz \u00fcr\u00fcn i\u00e7in \u00e7al\u0131\u015fmaya ba\u015flar. \u00dcr\u00fcn\u00fcn\u00fcz g\u00f6nderime haz\u0131r oldu\u011funda, ekibimiz sizinle irtibata ge\u00e7ecek ve teslimat planlanacakt\u0131r. \u0130stanbul d\u0131\u015f\u0131 teslimatlar anla\u015fmal\u0131 oldu\u011fumuz <a href=\"http:\/\/www.istanbulnakliyecilersitesi.net\/#\" target=\"_blank\" rel=\"noopener\">nakliye<\/a> firmalar\u0131 taraf\u0131ndan yap\u0131lmaktad\u0131r. Bunun \u00fccreti mesafeye g\u00f6re de\u011fi\u015fmektedir.<\/p>\n<p><a href=\"https:\/\/antredekor.com\/tr\/urun\/lapis-aynali-orta-sehpa\/\">\u00d6zel tasar\u0131mlar\u0131m\u0131z<\/a> ve uygun fiyatl\u0131 di\u011fer \u00fcr\u00fcnlerimiz i\u00e7in sayfam\u0131z\u0131 ziyaret ediniz.<\/p>\n","protected":false},"excerpt":{"rendered":"<p>Eyfel Aynal\u0131 Orta Sehpa<\/p>\n<p>Standart olarak 120 cm boy ve 80 cm enindedir.<\/p>\n<p>\u0130stenilen \u00f6l\u00e7\u00fclerde \u00e7al\u0131\u015f\u0131labilir.<\/p>\n<p>F\u00fcme, Bronz, \u015eeffaf Renk Se\u00e7enekleriyle..<\/p>\n","protected":false},"featured_media":2788,"template":"","meta":[],"product_brand":[],"product_cat":[507],"product_tag":[123,221,125,122],"class_list":{"0":"post-2786","1":"product","2":"type-product","3":"status-publish","4":"has-post-thumbnail","6":"product_cat-aynali-orta-sehpalar","7":"product_tag-aynali","8":"product_tag-eyfel","9":"product_tag-orta","10":"product_tag-sehpa","12":"first","13":"instock","14":"taxable","15":"shipping-taxable","16":"purchasable","17":"product-type-simple"},"yoast_head":"<!-- This site is optimized with the Yoast SEO plugin v27.2 - https:\/\/yoast.com\/product\/yoast-seo-wordpress\/ -->\n<title>Eyfel Aynal\u0131 Orta Sehpa - \u00d6zel Tasar\u0131m Modeller - Antre Dekor<\/title>\n<meta name=\"description\" content=\"Eyfel Aynal\u0131 Orta Sehpa. \u015e\u0131kl\u0131\u011f\u0131na d\u00fc\u015fk\u00fcnlerin tercihi. \u00d6zel tasar\u0131mlara uygun fiyatlarla sahip olun. \u015eimdi sat\u0131n al\u0131n, hemen gelsin!\" \/>\n<meta name=\"robots\" content=\"index, follow, max-snippet:-1, max-image-preview:large, max-video-preview:-1\" \/>\n<link rel=\"canonical\" href=\"https:\/\/antredekor.com\/tr\/urun\/eyfel-aynali-orta-sehpa\/\" \/>\n<meta property=\"og:locale\" content=\"tr_TR\" \/>\n<meta property=\"og:type\" content=\"article\" \/>\n<meta property=\"og:title\" content=\"Eyfel Aynal\u0131 Orta Sehpa - \u00d6zel Tasar\u0131m Modeller - Antre Dekor\" \/>\n<meta property=\"og:description\" content=\"Eyfel Aynal\u0131 Orta Sehpa. \u015e\u0131kl\u0131\u011f\u0131na d\u00fc\u015fk\u00fcnlerin tercihi. \u00d6zel tasar\u0131mlara uygun fiyatlarla sahip olun. \u015eimdi sat\u0131n al\u0131n, hemen gelsin!\" \/>\n<meta property=\"og:url\" content=\"https:\/\/antredekor.com\/tr\/urun\/eyfel-aynali-orta-sehpa\/\" \/>\n<meta property=\"og:site_name\" content=\"Antre Dekor\" \/>\n<meta property=\"article:modified_time\" content=\"2026-03-05T09:36:10+00:00\" \/>\n<meta property=\"og:image\" content=\"https:\/\/antredekor.com\/tr\/wp-content\/uploads\/2021\/02\/eyfelaynaliortasehpaa.jpg\" \/>\n\t<meta property=\"og:image:width\" content=\"500\" \/>\n\t<meta property=\"og:image:height\" content=\"675\" \/>\n\t<meta property=\"og:image:type\" content=\"image\/jpeg\" \/>\n<meta name=\"twitter:card\" content=\"summary_large_image\" \/>\n<meta name=\"twitter:label1\" content=\"Tahmini okuma s\u00fcresi\" \/>\n\t<meta name=\"twitter:data1\" content=\"1 dakika\" \/>\n<script type=\"application\/ld+json\" class=\"yoast-schema-graph\">{\"@context\":\"https:\/\/schema.org\",\"@graph\":[{\"@type\":\"WebPage\",\"@id\":\"https:\/\/antredekor.com\/tr\/urun\/eyfel-aynali-orta-sehpa\/\",\"url\":\"https:\/\/antredekor.com\/tr\/urun\/eyfel-aynali-orta-sehpa\/\",\"name\":\"Eyfel Aynal\u0131 Orta Sehpa - \u00d6zel Tasar\u0131m Modeller - Antre Dekor\",\"isPartOf\":{\"@id\":\"https:\/\/antredekor.com\/tr\/#website\"},\"primaryImageOfPage\":{\"@id\":\"https:\/\/antredekor.com\/tr\/urun\/eyfel-aynali-orta-sehpa\/#primaryimage\"},\"image\":{\"@id\":\"https:\/\/antredekor.com\/tr\/urun\/eyfel-aynali-orta-sehpa\/#primaryimage\"},\"thumbnailUrl\":\"https:\/\/antredekor.com\/tr\/wp-content\/uploads\/2021\/02\/eyfelaynaliortasehpaa.jpg\",\"datePublished\":\"2021-02-07T16:49:24+00:00\",\"dateModified\":\"2026-03-05T09:36:10+00:00\",\"description\":\"Eyfel Aynal\u0131 Orta Sehpa. \u015e\u0131kl\u0131\u011f\u0131na d\u00fc\u015fk\u00fcnlerin tercihi. \u00d6zel tasar\u0131mlara uygun fiyatlarla sahip olun. \u015eimdi sat\u0131n al\u0131n, hemen gelsin!\",\"breadcrumb\":{\"@id\":\"https:\/\/antredekor.com\/tr\/urun\/eyfel-aynali-orta-sehpa\/#breadcrumb\"},\"inLanguage\":\"tr\",\"potentialAction\":[{\"@type\":\"ReadAction\",\"target\":[\"https:\/\/antredekor.com\/tr\/urun\/eyfel-aynali-orta-sehpa\/\"]}]},{\"@type\":\"ImageObject\",\"inLanguage\":\"tr\",\"@id\":\"https:\/\/antredekor.com\/tr\/urun\/eyfel-aynali-orta-sehpa\/#primaryimage\",\"url\":\"https:\/\/antredekor.com\/tr\/wp-content\/uploads\/2021\/02\/eyfelaynaliortasehpaa.jpg\",\"contentUrl\":\"https:\/\/antredekor.com\/tr\/wp-content\/uploads\/2021\/02\/eyfelaynaliortasehpaa.jpg\",\"width\":500,\"height\":675},{\"@type\":\"BreadcrumbList\",\"@id\":\"https:\/\/antredekor.com\/tr\/urun\/eyfel-aynali-orta-sehpa\/#breadcrumb\",\"itemListElement\":[{\"@type\":\"ListItem\",\"position\":1,\"name\":\"Anasayfa\",\"item\":\"https:\/\/antredekor.com\/tr\/\"},{\"@type\":\"ListItem\",\"position\":2,\"name\":\"\u00dcr\u00fcnler\",\"item\":\"https:\/\/antredekor.com\/tr\/urunler\/\"},{\"@type\":\"ListItem\",\"position\":3,\"name\":\"Eyfel Aynal\u0131 Orta Sehpa\"}]},{\"@type\":\"WebSite\",\"@id\":\"https:\/\/antredekor.com\/tr\/#website\",\"url\":\"https:\/\/antredekor.com\/tr\/\",\"name\":\"Antre Dekor\",\"description\":\"Sizi kar\u015f\u0131layan detaylar!\",\"publisher\":{\"@id\":\"https:\/\/antredekor.com\/tr\/#organization\"},\"potentialAction\":[{\"@type\":\"SearchAction\",\"target\":{\"@type\":\"EntryPoint\",\"urlTemplate\":\"https:\/\/antredekor.com\/tr\/?s={search_term_string}\"},\"query-input\":{\"@type\":\"PropertyValueSpecification\",\"valueRequired\":true,\"valueName\":\"search_term_string\"}}],\"inLanguage\":\"tr\"},{\"@type\":\"Organization\",\"@id\":\"https:\/\/antredekor.com\/tr\/#organization\",\"name\":\"Antredekor\",\"url\":\"https:\/\/antredekor.com\/tr\/\",\"logo\":{\"@type\":\"ImageObject\",\"inLanguage\":\"tr\",\"@id\":\"https:\/\/antredekor.com\/tr\/#\/schema\/logo\/image\/\",\"url\":\"https:\/\/antredekor.com\/tr\/wp-content\/uploads\/2021\/02\/antre-dekor-logo-sari-270x270-1.png\",\"contentUrl\":\"https:\/\/antredekor.com\/tr\/wp-content\/uploads\/2021\/02\/antre-dekor-logo-sari-270x270-1.png\",\"width\":270,\"height\":268,\"caption\":\"Antredekor\"},\"image\":{\"@id\":\"https:\/\/antredekor.com\/tr\/#\/schema\/logo\/image\/\"}}]}<\/script>\n<!-- \/ Yoast SEO plugin. -->","yoast_head_json":{"title":"Eyfel Aynal\u0131 Orta Sehpa - \u00d6zel Tasar\u0131m Modeller - Antre Dekor","description":"Eyfel Aynal\u0131 Orta Sehpa. \u015e\u0131kl\u0131\u011f\u0131na d\u00fc\u015fk\u00fcnlerin tercihi. \u00d6zel tasar\u0131mlara uygun fiyatlarla sahip olun. \u015eimdi sat\u0131n al\u0131n, hemen gelsin!","robots":{"index":"index","follow":"follow","max-snippet":"max-snippet:-1","max-image-preview":"max-image-preview:large","max-video-preview":"max-video-preview:-1"},"canonical":"https:\/\/antredekor.com\/tr\/urun\/eyfel-aynali-orta-sehpa\/","og_locale":"tr_TR","og_type":"article","og_title":"Eyfel Aynal\u0131 Orta Sehpa - \u00d6zel Tasar\u0131m Modeller - Antre Dekor","og_description":"Eyfel Aynal\u0131 Orta Sehpa. \u015e\u0131kl\u0131\u011f\u0131na d\u00fc\u015fk\u00fcnlerin tercihi. \u00d6zel tasar\u0131mlara uygun fiyatlarla sahip olun. \u015eimdi sat\u0131n al\u0131n, hemen gelsin!","og_url":"https:\/\/antredekor.com\/tr\/urun\/eyfel-aynali-orta-sehpa\/","og_site_name":"Antre Dekor","article_modified_time":"2026-03-05T09:36:10+00:00","og_image":[{"width":500,"height":675,"url":"https:\/\/antredekor.com\/tr\/wp-content\/uploads\/2021\/02\/eyfelaynaliortasehpaa.jpg","type":"image\/jpeg"}],"twitter_card":"summary_large_image","twitter_misc":{"Tahmini okuma s\u00fcresi":"1 dakika"},"schema":{"@context":"https:\/\/schema.org","@graph":[{"@type":"WebPage","@id":"https:\/\/antredekor.com\/tr\/urun\/eyfel-aynali-orta-sehpa\/","url":"https:\/\/antredekor.com\/tr\/urun\/eyfel-aynali-orta-sehpa\/","name":"Eyfel Aynal\u0131 Orta Sehpa - \u00d6zel Tasar\u0131m Modeller - Antre Dekor","isPartOf":{"@id":"https:\/\/antredekor.com\/tr\/#website"},"primaryImageOfPage":{"@id":"https:\/\/antredekor.com\/tr\/urun\/eyfel-aynali-orta-sehpa\/#primaryimage"},"image":{"@id":"https:\/\/antredekor.com\/tr\/urun\/eyfel-aynali-orta-sehpa\/#primaryimage"},"thumbnailUrl":"https:\/\/antredekor.com\/tr\/wp-content\/uploads\/2021\/02\/eyfelaynaliortasehpaa.jpg","datePublished":"2021-02-07T16:49:24+00:00","dateModified":"2026-03-05T09:36:10+00:00","description":"Eyfel Aynal\u0131 Orta Sehpa. \u015e\u0131kl\u0131\u011f\u0131na d\u00fc\u015fk\u00fcnlerin tercihi. \u00d6zel tasar\u0131mlara uygun fiyatlarla sahip olun. \u015eimdi sat\u0131n al\u0131n, hemen gelsin!","breadcrumb":{"@id":"https:\/\/antredekor.com\/tr\/urun\/eyfel-aynali-orta-sehpa\/#breadcrumb"},"inLanguage":"tr","potentialAction":[{"@type":"ReadAction","target":["https:\/\/antredekor.com\/tr\/urun\/eyfel-aynali-orta-sehpa\/"]}]},{"@type":"ImageObject","inLanguage":"tr","@id":"https:\/\/antredekor.com\/tr\/urun\/eyfel-aynali-orta-sehpa\/#primaryimage","url":"https:\/\/antredekor.com\/tr\/wp-content\/uploads\/2021\/02\/eyfelaynaliortasehpaa.jpg","contentUrl":"https:\/\/antredekor.com\/tr\/wp-content\/uploads\/2021\/02\/eyfelaynaliortasehpaa.jpg","width":500,"height":675},{"@type":"BreadcrumbList","@id":"https:\/\/antredekor.com\/tr\/urun\/eyfel-aynali-orta-sehpa\/#breadcrumb","itemListElement":[{"@type":"ListItem","position":1,"name":"Anasayfa","item":"https:\/\/antredekor.com\/tr\/"},{"@type":"ListItem","position":2,"name":"\u00dcr\u00fcnler","item":"https:\/\/antredekor.com\/tr\/urunler\/"},{"@type":"ListItem","position":3,"name":"Eyfel Aynal\u0131 Orta Sehpa"}]},{"@type":"WebSite","@id":"https:\/\/antredekor.com\/tr\/#website","url":"https:\/\/antredekor.com\/tr\/","name":"Antre Dekor","description":"Sizi kar\u015f\u0131layan detaylar!","publisher":{"@id":"https:\/\/antredekor.com\/tr\/#organization"},"potentialAction":[{"@type":"SearchAction","target":{"@type":"EntryPoint","urlTemplate":"https:\/\/antredekor.com\/tr\/?s={search_term_string}"},"query-input":{"@type":"PropertyValueSpecification","valueRequired":true,"valueName":"search_term_string"}}],"inLanguage":"tr"},{"@type":"Organization","@id":"https:\/\/antredekor.com\/tr\/#organization","name":"Antredekor","url":"https:\/\/antredekor.com\/tr\/","logo":{"@type":"ImageObject","inLanguage":"tr","@id":"https:\/\/antredekor.com\/tr\/#\/schema\/logo\/image\/","url":"https:\/\/antredekor.com\/tr\/wp-content\/uploads\/2021\/02\/antre-dekor-logo-sari-270x270-1.png","contentUrl":"https:\/\/antredekor.com\/tr\/wp-content\/uploads\/2021\/02\/antre-dekor-logo-sari-270x270-1.png","width":270,"height":268,"caption":"Antredekor"},"image":{"@id":"https:\/\/antredekor.com\/tr\/#\/schema\/logo\/image\/"}}]}},"_links":{"self":[{"href":"https:\/\/antredekor.com\/tr\/wp-json\/wp\/v2\/product\/2786","targetHints":{"allow":["GET"]}}],"collection":[{"href":"https:\/\/antredekor.com\/tr\/wp-json\/wp\/v2\/product"}],"about":[{"href":"https:\/\/antredekor.com\/tr\/wp-json\/wp\/v2\/types\/product"}],"wp:featuredmedia":[{"embeddable":true,"href":"https:\/\/antredekor.com\/tr\/wp-json\/wp\/v2\/media\/2788"}],"wp:attachment":[{"href":"https:\/\/antredekor.com\/tr\/wp-json\/wp\/v2\/media?parent=2786"}],"wp:term":[{"taxonomy":"product_brand","embeddable":true,"href":"https:\/\/antredekor.com\/tr\/wp-json\/wp\/v2\/product_brand?post=2786"},{"taxonomy":"product_cat","embeddable":true,"href":"https:\/\/antredekor.com\/tr\/wp-json\/wp\/v2\/product_cat?post=2786"},{"taxonomy":"product_tag","embeddable":true,"href":"https:\/\/antredekor.com\/tr\/wp-json\/wp\/v2\/product_tag?post=2786"}],"curies":[{"name":"wp","href":"https:\/\/api.w.org\/{rel}","templated":true}]}}