{"id":3773,"date":"2021-05-17T19:32:39","date_gmt":"2021-05-17T16:32:39","guid":{"rendered":"https:\/\/antredekor.com\/tr\/?post_type=product&#038;p=3773"},"modified":"2025-11-14T16:16:40","modified_gmt":"2025-11-14T13:16:40","slug":"piyano-bizoteli-duvar-saati","status":"publish","type":"product","link":"https:\/\/antredekor.com\/tr\/urun\/piyano-bizoteli-duvar-saati\/","title":{"rendered":"Piyano Bizoteli Duvar Saati"},"content":{"rendered":"<p>Piyano Bizoteli Duvar Saati<\/p>\n<p>Piyano Duvar Bizoteli Saati 80 cm \u00e7ap\u0131ndad\u0131r.\u00a0 F\u00fcme, bronz ve g\u00fcm\u00fc\u015f ayna renk se\u00e7enekleri aras\u0131ndan tercihinizi yapabilirsiniz.<\/p>\n<p>\u00dcr\u00fcn\u00fcn \u00f6mr\u00fcn\u00fc uzun tutmak i\u00e7in temizli\u011finin nemli bir bezle yap\u0131lmas\u0131 \u00f6nerilmektedir.<\/p>\n<p>Al\u0131nan sipari\u015fler onayland\u0131ktan sonra at\u00f6lyemiz \u00fcr\u00fcn i\u00e7in \u00e7al\u0131\u015fmaya ba\u015flar. \u00dcr\u00fcn\u00fcn\u00fcz g\u00f6nderime haz\u0131r oldu\u011funda, ekibimiz sizinle irtibata ge\u00e7ecek ve teslimat planlanacakt\u0131r. \u0130stanbul d\u0131\u015f\u0131 teslimatlar anla\u015fmal\u0131 oldu\u011fumuz <a href=\"http:\/\/www.istanbulnakliyecilersitesi.net\/#\" target=\"_blank\" rel=\"noopener\">nakliye<\/a> firmalar\u0131 taraf\u0131ndan yap\u0131lmaktad\u0131r. Bunun \u00fccreti mesafeye g\u00f6re de\u011fi\u015fmektedir.<\/p>\n<p><a href=\"https:\/\/antredekor.com\/tr\/urun\/ruzgar-ayna-duvar-saati\/\" target=\"_blank\" rel=\"noopener\">\u00d6zel tasar\u0131mlar\u0131m\u0131z<\/a> ve uygun fiyatl\u0131 di\u011fer \u00fcr\u00fcnlerimiz i\u00e7in sayfam\u0131z\u0131 ziyaret ediniz.<\/p>\n","protected":false},"excerpt":{"rendered":"<p>Piyano Bizoteli Ayna Duvar Saati<\/p>\n<p>\u00dcR\u00dcN \u00d6L\u00c7\u00dcS\u00dc: 80 CM \u00c7AP<br \/>\n\u00dcR\u00dcN \u00d6ZELL\u0130KLER\u0130: 8 mm Lazer Kesim 52 cm \u00c7ap\u0131nda MDF \u00dczerine 14 CM Uzunlu\u011funda MDF Dilimler Monte Edilerek \u00d6nce Poli\u00fcretan Astar Uygulamas\u0131 Yap\u0131l\u0131r. Sonras\u0131nda Uygulanacak Ayna Rengine G\u00f6re G\u00fcm\u00fc\u015f veya Gold Varak Boya Uygulamas\u0131 Ger\u00e7ekle\u015ftirilir. Boyanan Ah\u015fap Kasa \u00dczerine Orijinal Bizoteli Ayna Uygulamas\u0131 Ger\u00e7ekle\u015ftirilir.<br \/>\nRENK SE\u00c7ENEKLER\u0130: F\u00fcme , Bronz veya G\u00fcm\u00fc\u015f Ayna<\/p>\n<p>&nbsp;<\/p>\n<p>&nbsp;<\/p>\n","protected":false},"featured_media":3774,"template":"","meta":[],"product_brand":[],"product_cat":[69],"product_tag":[112,354,355,333],"class_list":{"0":"post-3773","1":"product","2":"type-product","3":"status-publish","4":"has-post-thumbnail","6":"product_cat-saatler","7":"product_tag-ayna","8":"product_tag-bizoteli","9":"product_tag-duvar-saati","10":"product_tag-piyano","12":"first","13":"instock","14":"taxable","15":"shipping-taxable","16":"purchasable","17":"product-type-variable"},"yoast_head":"<!-- This site is optimized with the Yoast SEO plugin v27.2 - https:\/\/yoast.com\/product\/yoast-seo-wordpress\/ -->\n<title>Piyano Bizoteli Duvar Saati - \u00d6zel Tasar\u0131m Modeller - Antre Dekor<\/title>\n<meta name=\"description\" content=\"Piyano Bizoteli Duvar Saati. \u015e\u0131kl\u0131\u011f\u0131na d\u00fc\u015fk\u00fcnlerin tercihi. \u00d6zel tasar\u0131mlara uygun fiyatlarla sahip olun. \u015eimdi sat\u0131n al\u0131n, hemen gelsin!\" \/>\n<meta name=\"robots\" content=\"index, follow, max-snippet:-1, max-image-preview:large, max-video-preview:-1\" \/>\n<link rel=\"canonical\" href=\"https:\/\/antredekor.com\/tr\/urun\/piyano-bizoteli-duvar-saati\/\" \/>\n<meta property=\"og:locale\" content=\"tr_TR\" \/>\n<meta property=\"og:type\" content=\"article\" \/>\n<meta property=\"og:title\" content=\"Piyano Bizoteli Duvar Saati - \u00d6zel Tasar\u0131m Modeller - Antre Dekor\" \/>\n<meta property=\"og:description\" content=\"Piyano Bizoteli Duvar Saati. \u015e\u0131kl\u0131\u011f\u0131na d\u00fc\u015fk\u00fcnlerin tercihi. \u00d6zel tasar\u0131mlara uygun fiyatlarla sahip olun. \u015eimdi sat\u0131n al\u0131n, hemen gelsin!\" \/>\n<meta property=\"og:url\" content=\"https:\/\/antredekor.com\/tr\/urun\/piyano-bizoteli-duvar-saati\/\" \/>\n<meta property=\"og:site_name\" content=\"Antre Dekor\" \/>\n<meta property=\"article:modified_time\" content=\"2025-11-14T13:16:40+00:00\" \/>\n<meta property=\"og:image\" content=\"https:\/\/antredekor.com\/tr\/wp-content\/uploads\/2021\/05\/bizotelipiyanoaynasaat.jpg\" \/>\n\t<meta property=\"og:image:width\" content=\"500\" \/>\n\t<meta property=\"og:image:height\" content=\"675\" \/>\n\t<meta property=\"og:image:type\" content=\"image\/jpeg\" \/>\n<meta name=\"twitter:card\" content=\"summary_large_image\" \/>\n<meta name=\"twitter:label1\" content=\"Tahmini okuma s\u00fcresi\" \/>\n\t<meta name=\"twitter:data1\" content=\"1 dakika\" \/>\n<script type=\"application\/ld+json\" class=\"yoast-schema-graph\">{\"@context\":\"https:\/\/schema.org\",\"@graph\":[{\"@type\":\"WebPage\",\"@id\":\"https:\/\/antredekor.com\/tr\/urun\/piyano-bizoteli-duvar-saati\/\",\"url\":\"https:\/\/antredekor.com\/tr\/urun\/piyano-bizoteli-duvar-saati\/\",\"name\":\"Piyano Bizoteli Duvar Saati - \u00d6zel Tasar\u0131m Modeller - Antre Dekor\",\"isPartOf\":{\"@id\":\"https:\/\/antredekor.com\/tr\/#website\"},\"primaryImageOfPage\":{\"@id\":\"https:\/\/antredekor.com\/tr\/urun\/piyano-bizoteli-duvar-saati\/#primaryimage\"},\"image\":{\"@id\":\"https:\/\/antredekor.com\/tr\/urun\/piyano-bizoteli-duvar-saati\/#primaryimage\"},\"thumbnailUrl\":\"https:\/\/antredekor.com\/tr\/wp-content\/uploads\/2021\/05\/bizotelipiyanoaynasaat.jpg\",\"datePublished\":\"2021-05-17T16:32:39+00:00\",\"dateModified\":\"2025-11-14T13:16:40+00:00\",\"description\":\"Piyano Bizoteli Duvar Saati. \u015e\u0131kl\u0131\u011f\u0131na d\u00fc\u015fk\u00fcnlerin tercihi. \u00d6zel tasar\u0131mlara uygun fiyatlarla sahip olun. \u015eimdi sat\u0131n al\u0131n, hemen gelsin!\",\"breadcrumb\":{\"@id\":\"https:\/\/antredekor.com\/tr\/urun\/piyano-bizoteli-duvar-saati\/#breadcrumb\"},\"inLanguage\":\"tr\",\"potentialAction\":[{\"@type\":\"ReadAction\",\"target\":[\"https:\/\/antredekor.com\/tr\/urun\/piyano-bizoteli-duvar-saati\/\"]}]},{\"@type\":\"ImageObject\",\"inLanguage\":\"tr\",\"@id\":\"https:\/\/antredekor.com\/tr\/urun\/piyano-bizoteli-duvar-saati\/#primaryimage\",\"url\":\"https:\/\/antredekor.com\/tr\/wp-content\/uploads\/2021\/05\/bizotelipiyanoaynasaat.jpg\",\"contentUrl\":\"https:\/\/antredekor.com\/tr\/wp-content\/uploads\/2021\/05\/bizotelipiyanoaynasaat.jpg\",\"width\":500,\"height\":675},{\"@type\":\"BreadcrumbList\",\"@id\":\"https:\/\/antredekor.com\/tr\/urun\/piyano-bizoteli-duvar-saati\/#breadcrumb\",\"itemListElement\":[{\"@type\":\"ListItem\",\"position\":1,\"name\":\"Anasayfa\",\"item\":\"https:\/\/antredekor.com\/tr\/\"},{\"@type\":\"ListItem\",\"position\":2,\"name\":\"\u00dcr\u00fcnler\",\"item\":\"https:\/\/antredekor.com\/tr\/urunler\/\"},{\"@type\":\"ListItem\",\"position\":3,\"name\":\"Piyano Bizoteli Duvar Saati\"}]},{\"@type\":\"WebSite\",\"@id\":\"https:\/\/antredekor.com\/tr\/#website\",\"url\":\"https:\/\/antredekor.com\/tr\/\",\"name\":\"Antre Dekor\",\"description\":\"Sizi kar\u015f\u0131layan detaylar!\",\"publisher\":{\"@id\":\"https:\/\/antredekor.com\/tr\/#organization\"},\"potentialAction\":[{\"@type\":\"SearchAction\",\"target\":{\"@type\":\"EntryPoint\",\"urlTemplate\":\"https:\/\/antredekor.com\/tr\/?s={search_term_string}\"},\"query-input\":{\"@type\":\"PropertyValueSpecification\",\"valueRequired\":true,\"valueName\":\"search_term_string\"}}],\"inLanguage\":\"tr\"},{\"@type\":\"Organization\",\"@id\":\"https:\/\/antredekor.com\/tr\/#organization\",\"name\":\"Antredekor\",\"url\":\"https:\/\/antredekor.com\/tr\/\",\"logo\":{\"@type\":\"ImageObject\",\"inLanguage\":\"tr\",\"@id\":\"https:\/\/antredekor.com\/tr\/#\/schema\/logo\/image\/\",\"url\":\"https:\/\/antredekor.com\/tr\/wp-content\/uploads\/2021\/02\/antre-dekor-logo-sari-270x270-1.png\",\"contentUrl\":\"https:\/\/antredekor.com\/tr\/wp-content\/uploads\/2021\/02\/antre-dekor-logo-sari-270x270-1.png\",\"width\":270,\"height\":268,\"caption\":\"Antredekor\"},\"image\":{\"@id\":\"https:\/\/antredekor.com\/tr\/#\/schema\/logo\/image\/\"}}]}<\/script>\n<!-- \/ Yoast SEO plugin. -->","yoast_head_json":{"title":"Piyano Bizoteli Duvar Saati - \u00d6zel Tasar\u0131m Modeller - Antre Dekor","description":"Piyano Bizoteli Duvar Saati. \u015e\u0131kl\u0131\u011f\u0131na d\u00fc\u015fk\u00fcnlerin tercihi. \u00d6zel tasar\u0131mlara uygun fiyatlarla sahip olun. \u015eimdi sat\u0131n al\u0131n, hemen gelsin!","robots":{"index":"index","follow":"follow","max-snippet":"max-snippet:-1","max-image-preview":"max-image-preview:large","max-video-preview":"max-video-preview:-1"},"canonical":"https:\/\/antredekor.com\/tr\/urun\/piyano-bizoteli-duvar-saati\/","og_locale":"tr_TR","og_type":"article","og_title":"Piyano Bizoteli Duvar Saati - \u00d6zel Tasar\u0131m Modeller - Antre Dekor","og_description":"Piyano Bizoteli Duvar Saati. \u015e\u0131kl\u0131\u011f\u0131na d\u00fc\u015fk\u00fcnlerin tercihi. \u00d6zel tasar\u0131mlara uygun fiyatlarla sahip olun. \u015eimdi sat\u0131n al\u0131n, hemen gelsin!","og_url":"https:\/\/antredekor.com\/tr\/urun\/piyano-bizoteli-duvar-saati\/","og_site_name":"Antre Dekor","article_modified_time":"2025-11-14T13:16:40+00:00","og_image":[{"width":500,"height":675,"url":"https:\/\/antredekor.com\/tr\/wp-content\/uploads\/2021\/05\/bizotelipiyanoaynasaat.jpg","type":"image\/jpeg"}],"twitter_card":"summary_large_image","twitter_misc":{"Tahmini okuma s\u00fcresi":"1 dakika"},"schema":{"@context":"https:\/\/schema.org","@graph":[{"@type":"WebPage","@id":"https:\/\/antredekor.com\/tr\/urun\/piyano-bizoteli-duvar-saati\/","url":"https:\/\/antredekor.com\/tr\/urun\/piyano-bizoteli-duvar-saati\/","name":"Piyano Bizoteli Duvar Saati - \u00d6zel Tasar\u0131m Modeller - Antre Dekor","isPartOf":{"@id":"https:\/\/antredekor.com\/tr\/#website"},"primaryImageOfPage":{"@id":"https:\/\/antredekor.com\/tr\/urun\/piyano-bizoteli-duvar-saati\/#primaryimage"},"image":{"@id":"https:\/\/antredekor.com\/tr\/urun\/piyano-bizoteli-duvar-saati\/#primaryimage"},"thumbnailUrl":"https:\/\/antredekor.com\/tr\/wp-content\/uploads\/2021\/05\/bizotelipiyanoaynasaat.jpg","datePublished":"2021-05-17T16:32:39+00:00","dateModified":"2025-11-14T13:16:40+00:00","description":"Piyano Bizoteli Duvar Saati. \u015e\u0131kl\u0131\u011f\u0131na d\u00fc\u015fk\u00fcnlerin tercihi. \u00d6zel tasar\u0131mlara uygun fiyatlarla sahip olun. \u015eimdi sat\u0131n al\u0131n, hemen gelsin!","breadcrumb":{"@id":"https:\/\/antredekor.com\/tr\/urun\/piyano-bizoteli-duvar-saati\/#breadcrumb"},"inLanguage":"tr","potentialAction":[{"@type":"ReadAction","target":["https:\/\/antredekor.com\/tr\/urun\/piyano-bizoteli-duvar-saati\/"]}]},{"@type":"ImageObject","inLanguage":"tr","@id":"https:\/\/antredekor.com\/tr\/urun\/piyano-bizoteli-duvar-saati\/#primaryimage","url":"https:\/\/antredekor.com\/tr\/wp-content\/uploads\/2021\/05\/bizotelipiyanoaynasaat.jpg","contentUrl":"https:\/\/antredekor.com\/tr\/wp-content\/uploads\/2021\/05\/bizotelipiyanoaynasaat.jpg","width":500,"height":675},{"@type":"BreadcrumbList","@id":"https:\/\/antredekor.com\/tr\/urun\/piyano-bizoteli-duvar-saati\/#breadcrumb","itemListElement":[{"@type":"ListItem","position":1,"name":"Anasayfa","item":"https:\/\/antredekor.com\/tr\/"},{"@type":"ListItem","position":2,"name":"\u00dcr\u00fcnler","item":"https:\/\/antredekor.com\/tr\/urunler\/"},{"@type":"ListItem","position":3,"name":"Piyano Bizoteli Duvar Saati"}]},{"@type":"WebSite","@id":"https:\/\/antredekor.com\/tr\/#website","url":"https:\/\/antredekor.com\/tr\/","name":"Antre Dekor","description":"Sizi kar\u015f\u0131layan detaylar!","publisher":{"@id":"https:\/\/antredekor.com\/tr\/#organization"},"potentialAction":[{"@type":"SearchAction","target":{"@type":"EntryPoint","urlTemplate":"https:\/\/antredekor.com\/tr\/?s={search_term_string}"},"query-input":{"@type":"PropertyValueSpecification","valueRequired":true,"valueName":"search_term_string"}}],"inLanguage":"tr"},{"@type":"Organization","@id":"https:\/\/antredekor.com\/tr\/#organization","name":"Antredekor","url":"https:\/\/antredekor.com\/tr\/","logo":{"@type":"ImageObject","inLanguage":"tr","@id":"https:\/\/antredekor.com\/tr\/#\/schema\/logo\/image\/","url":"https:\/\/antredekor.com\/tr\/wp-content\/uploads\/2021\/02\/antre-dekor-logo-sari-270x270-1.png","contentUrl":"https:\/\/antredekor.com\/tr\/wp-content\/uploads\/2021\/02\/antre-dekor-logo-sari-270x270-1.png","width":270,"height":268,"caption":"Antredekor"},"image":{"@id":"https:\/\/antredekor.com\/tr\/#\/schema\/logo\/image\/"}}]}},"_links":{"self":[{"href":"https:\/\/antredekor.com\/tr\/wp-json\/wp\/v2\/product\/3773","targetHints":{"allow":["GET"]}}],"collection":[{"href":"https:\/\/antredekor.com\/tr\/wp-json\/wp\/v2\/product"}],"about":[{"href":"https:\/\/antredekor.com\/tr\/wp-json\/wp\/v2\/types\/product"}],"wp:featuredmedia":[{"embeddable":true,"href":"https:\/\/antredekor.com\/tr\/wp-json\/wp\/v2\/media\/3774"}],"wp:attachment":[{"href":"https:\/\/antredekor.com\/tr\/wp-json\/wp\/v2\/media?parent=3773"}],"wp:term":[{"taxonomy":"product_brand","embeddable":true,"href":"https:\/\/antredekor.com\/tr\/wp-json\/wp\/v2\/product_brand?post=3773"},{"taxonomy":"product_cat","embeddable":true,"href":"https:\/\/antredekor.com\/tr\/wp-json\/wp\/v2\/product_cat?post=3773"},{"taxonomy":"product_tag","embeddable":true,"href":"https:\/\/antredekor.com\/tr\/wp-json\/wp\/v2\/product_tag?post=3773"}],"curies":[{"name":"wp","href":"https:\/\/api.w.org\/{rel}","templated":true}]}}