{"id":6044,"date":"2026-03-26T15:27:03","date_gmt":"2026-03-26T12:27:03","guid":{"rendered":"https:\/\/antredekor.com\/tr\/?post_type=product&#038;p=6044"},"modified":"2026-03-26T18:27:03","modified_gmt":"2026-03-26T15:27:03","slug":"world-dresuar-takimi","status":"publish","type":"product","link":"https:\/\/antredekor.com\/tr\/urun\/world-dresuar-takimi\/","title":{"rendered":"World Dresuar Tak\u0131m\u0131"},"content":{"rendered":"<p>&nbsp;<\/p>\n<p style=\"text-align: left;\">World Dresuar Tak\u0131m\u0131<\/p>\n<p>World Dresuar Tak\u0131m\u0131, Dresuar\u0131, 130 cm eninde, 38 cm derinli\u011finde ve 80 cm y\u00fcksekli\u011findedir. Aynas\u0131, 80 cm eninde ve 105 cm boyundad\u0131r. Farkl\u0131 renk tercihleriniz i\u00e7in bizimle ileti\u015fime ge\u00e7in.<\/p>\n<p>\u00dcr\u00fcn\u00fcn \u00f6mr\u00fcn\u00fc uzun tutmak i\u00e7in temizli\u011finin nemli bir bezle yap\u0131lmas\u0131 \u00f6nerilmektedir.<\/p>\n<p>Al\u0131nan sipari\u015fler onayland\u0131ktan sonra at\u00f6lyemiz \u00fcr\u00fcn i\u00e7in \u00e7al\u0131\u015fmaya ba\u015flar. \u00dcr\u00fcn\u00fcn\u00fcz g\u00f6nderime haz\u0131r oldu\u011funda, ekibimiz sizinle irtibata ge\u00e7ecek ve teslimat planlanacakt\u0131r. \u0130stanbul d\u0131\u015f\u0131 teslimatlar anla\u015fmal\u0131 oldu\u011fumuz <a href=\"http:\/\/www.istanbulnakliyecilersitesi.net\/#\" target=\"_blank\" rel=\"noopener\">nakliye<\/a> firmalar\u0131 taraf\u0131ndan yap\u0131lmaktad\u0131r. Bunun \u00fccreti mesafeye g\u00f6re de\u011fi\u015fmektedir.<\/p>\n<p><a href=\"https:\/\/antredekor.com\/tr\/urun\/nova-dresuar-takimi-kopya\/\">\u00d6zel tasar\u0131mlar\u0131m\u0131z<\/a> ve uygun fiyatl\u0131 di\u011fer \u00fcr\u00fcnlerimiz i\u00e7in sayfam\u0131z\u0131 ziyaret ediniz.<\/p>\n","protected":false},"excerpt":{"rendered":"<p style=\"padding-left: 40px; text-align: left;\">World Dresuar Tak\u0131m\u0131<\/p>\n<p>Dresuar\u0131; 130 cm en, 38 cm derinlik\u00a0 ve 80 cm y\u00fcksekli\u011findedir.<\/p>\n<p>Aynas\u0131; 80 cm eninde ve 105 cm boyundad\u0131r.<\/p>\n<p>&nbsp;<\/p>\n<p>&nbsp;<\/p>\n","protected":false},"featured_media":6053,"template":"","meta":[],"product_brand":[],"product_cat":[29],"product_tag":[109],"class_list":{"0":"post-6044","1":"product","2":"type-product","3":"status-publish","4":"has-post-thumbnail","6":"product_cat-dresuar","7":"product_tag-dresuar","9":"first","10":"instock","11":"taxable","12":"shipping-taxable","13":"purchasable","14":"product-type-variable"},"yoast_head":"<!-- This site is optimized with the Yoast SEO plugin v27.3 - https:\/\/yoast.com\/product\/yoast-seo-wordpress\/ -->\n<title>World Dresuar Tak\u0131m\u0131 - \u00d6zel Tasar\u0131m Modeller - Antre Dekor<\/title>\n<meta name=\"description\" content=\"World Dresuar Tak\u0131m\u0131. \u015e\u0131kl\u0131\u011f\u0131na d\u00fc\u015fk\u00fcnlerin tercihi. \u00d6zel tasar\u0131mlara uygun fiyatlarla sahip olun. \u015eimdi sat\u0131n al\u0131n, hemen gelsin!\" \/>\n<meta name=\"robots\" content=\"index, follow, max-snippet:-1, max-image-preview:large, max-video-preview:-1\" \/>\n<link rel=\"canonical\" href=\"https:\/\/antredekor.com\/tr\/urun\/world-dresuar-takimi\/\" \/>\n<meta property=\"og:locale\" content=\"tr_TR\" \/>\n<meta property=\"og:type\" content=\"article\" \/>\n<meta property=\"og:title\" content=\"World Dresuar Tak\u0131m\u0131 - \u00d6zel Tasar\u0131m Modeller - Antre Dekor\" \/>\n<meta property=\"og:description\" content=\"World Dresuar Tak\u0131m\u0131. \u015e\u0131kl\u0131\u011f\u0131na d\u00fc\u015fk\u00fcnlerin tercihi. \u00d6zel tasar\u0131mlara uygun fiyatlarla sahip olun. \u015eimdi sat\u0131n al\u0131n, hemen gelsin!\" \/>\n<meta property=\"og:url\" content=\"https:\/\/antredekor.com\/tr\/urun\/world-dresuar-takimi\/\" \/>\n<meta property=\"og:site_name\" content=\"Antre Dekor\" \/>\n<meta property=\"article:modified_time\" content=\"2026-03-26T15:27:03+00:00\" \/>\n<meta property=\"og:image\" content=\"https:\/\/antredekor.com\/tr\/wp-content\/uploads\/2026\/03\/worlddresuartksiyah.jpeg\" \/>\n\t<meta property=\"og:image:width\" content=\"500\" \/>\n\t<meta property=\"og:image:height\" content=\"675\" \/>\n\t<meta property=\"og:image:type\" content=\"image\/jpeg\" \/>\n<meta name=\"twitter:card\" content=\"summary_large_image\" \/>\n<meta name=\"twitter:label1\" content=\"Tahmini okuma s\u00fcresi\" \/>\n\t<meta name=\"twitter:data1\" content=\"1 dakika\" \/>\n<script type=\"application\/ld+json\" class=\"yoast-schema-graph\">{\"@context\":\"https:\\\/\\\/schema.org\",\"@graph\":[{\"@type\":\"WebPage\",\"@id\":\"https:\\\/\\\/antredekor.com\\\/tr\\\/urun\\\/world-dresuar-takimi\\\/\",\"url\":\"https:\\\/\\\/antredekor.com\\\/tr\\\/urun\\\/world-dresuar-takimi\\\/\",\"name\":\"World Dresuar Tak\u0131m\u0131 - \u00d6zel Tasar\u0131m Modeller - Antre Dekor\",\"isPartOf\":{\"@id\":\"https:\\\/\\\/antredekor.com\\\/tr\\\/#website\"},\"primaryImageOfPage\":{\"@id\":\"https:\\\/\\\/antredekor.com\\\/tr\\\/urun\\\/world-dresuar-takimi\\\/#primaryimage\"},\"image\":{\"@id\":\"https:\\\/\\\/antredekor.com\\\/tr\\\/urun\\\/world-dresuar-takimi\\\/#primaryimage\"},\"thumbnailUrl\":\"https:\\\/\\\/antredekor.com\\\/tr\\\/wp-content\\\/uploads\\\/2026\\\/03\\\/worlddresuartksiyah.jpeg\",\"datePublished\":\"2026-03-26T12:27:03+00:00\",\"dateModified\":\"2026-03-26T15:27:03+00:00\",\"description\":\"World Dresuar Tak\u0131m\u0131. \u015e\u0131kl\u0131\u011f\u0131na d\u00fc\u015fk\u00fcnlerin tercihi. \u00d6zel tasar\u0131mlara uygun fiyatlarla sahip olun. \u015eimdi sat\u0131n al\u0131n, hemen gelsin!\",\"breadcrumb\":{\"@id\":\"https:\\\/\\\/antredekor.com\\\/tr\\\/urun\\\/world-dresuar-takimi\\\/#breadcrumb\"},\"inLanguage\":\"tr\",\"potentialAction\":[{\"@type\":\"ReadAction\",\"target\":[\"https:\\\/\\\/antredekor.com\\\/tr\\\/urun\\\/world-dresuar-takimi\\\/\"]}]},{\"@type\":\"ImageObject\",\"inLanguage\":\"tr\",\"@id\":\"https:\\\/\\\/antredekor.com\\\/tr\\\/urun\\\/world-dresuar-takimi\\\/#primaryimage\",\"url\":\"https:\\\/\\\/antredekor.com\\\/tr\\\/wp-content\\\/uploads\\\/2026\\\/03\\\/worlddresuartksiyah.jpeg\",\"contentUrl\":\"https:\\\/\\\/antredekor.com\\\/tr\\\/wp-content\\\/uploads\\\/2026\\\/03\\\/worlddresuartksiyah.jpeg\",\"width\":500,\"height\":675},{\"@type\":\"BreadcrumbList\",\"@id\":\"https:\\\/\\\/antredekor.com\\\/tr\\\/urun\\\/world-dresuar-takimi\\\/#breadcrumb\",\"itemListElement\":[{\"@type\":\"ListItem\",\"position\":1,\"name\":\"Anasayfa\",\"item\":\"https:\\\/\\\/antredekor.com\\\/tr\\\/\"},{\"@type\":\"ListItem\",\"position\":2,\"name\":\"\u00dcr\u00fcnler\",\"item\":\"https:\\\/\\\/antredekor.com\\\/tr\\\/urunler\\\/\"},{\"@type\":\"ListItem\",\"position\":3,\"name\":\"World Dresuar Tak\u0131m\u0131\"}]},{\"@type\":\"WebSite\",\"@id\":\"https:\\\/\\\/antredekor.com\\\/tr\\\/#website\",\"url\":\"https:\\\/\\\/antredekor.com\\\/tr\\\/\",\"name\":\"Antre Dekor\",\"description\":\"Sizi kar\u015f\u0131layan detaylar!\",\"publisher\":{\"@id\":\"https:\\\/\\\/antredekor.com\\\/tr\\\/#organization\"},\"potentialAction\":[{\"@type\":\"SearchAction\",\"target\":{\"@type\":\"EntryPoint\",\"urlTemplate\":\"https:\\\/\\\/antredekor.com\\\/tr\\\/?s={search_term_string}\"},\"query-input\":{\"@type\":\"PropertyValueSpecification\",\"valueRequired\":true,\"valueName\":\"search_term_string\"}}],\"inLanguage\":\"tr\"},{\"@type\":\"Organization\",\"@id\":\"https:\\\/\\\/antredekor.com\\\/tr\\\/#organization\",\"name\":\"Antredekor\",\"url\":\"https:\\\/\\\/antredekor.com\\\/tr\\\/\",\"logo\":{\"@type\":\"ImageObject\",\"inLanguage\":\"tr\",\"@id\":\"https:\\\/\\\/antredekor.com\\\/tr\\\/#\\\/schema\\\/logo\\\/image\\\/\",\"url\":\"https:\\\/\\\/antredekor.com\\\/tr\\\/wp-content\\\/uploads\\\/2021\\\/02\\\/antre-dekor-logo-sari-270x270-1.png\",\"contentUrl\":\"https:\\\/\\\/antredekor.com\\\/tr\\\/wp-content\\\/uploads\\\/2021\\\/02\\\/antre-dekor-logo-sari-270x270-1.png\",\"width\":270,\"height\":268,\"caption\":\"Antredekor\"},\"image\":{\"@id\":\"https:\\\/\\\/antredekor.com\\\/tr\\\/#\\\/schema\\\/logo\\\/image\\\/\"}}]}<\/script>\n<!-- \/ Yoast SEO plugin. -->","yoast_head_json":{"title":"World Dresuar Tak\u0131m\u0131 - \u00d6zel Tasar\u0131m Modeller - Antre Dekor","description":"World Dresuar Tak\u0131m\u0131. \u015e\u0131kl\u0131\u011f\u0131na d\u00fc\u015fk\u00fcnlerin tercihi. \u00d6zel tasar\u0131mlara uygun fiyatlarla sahip olun. \u015eimdi sat\u0131n al\u0131n, hemen gelsin!","robots":{"index":"index","follow":"follow","max-snippet":"max-snippet:-1","max-image-preview":"max-image-preview:large","max-video-preview":"max-video-preview:-1"},"canonical":"https:\/\/antredekor.com\/tr\/urun\/world-dresuar-takimi\/","og_locale":"tr_TR","og_type":"article","og_title":"World Dresuar Tak\u0131m\u0131 - \u00d6zel Tasar\u0131m Modeller - Antre Dekor","og_description":"World Dresuar Tak\u0131m\u0131. \u015e\u0131kl\u0131\u011f\u0131na d\u00fc\u015fk\u00fcnlerin tercihi. \u00d6zel tasar\u0131mlara uygun fiyatlarla sahip olun. \u015eimdi sat\u0131n al\u0131n, hemen gelsin!","og_url":"https:\/\/antredekor.com\/tr\/urun\/world-dresuar-takimi\/","og_site_name":"Antre Dekor","article_modified_time":"2026-03-26T15:27:03+00:00","og_image":[{"width":500,"height":675,"url":"https:\/\/antredekor.com\/tr\/wp-content\/uploads\/2026\/03\/worlddresuartksiyah.jpeg","type":"image\/jpeg"}],"twitter_card":"summary_large_image","twitter_misc":{"Tahmini okuma s\u00fcresi":"1 dakika"},"schema":{"@context":"https:\/\/schema.org","@graph":[{"@type":"WebPage","@id":"https:\/\/antredekor.com\/tr\/urun\/world-dresuar-takimi\/","url":"https:\/\/antredekor.com\/tr\/urun\/world-dresuar-takimi\/","name":"World Dresuar Tak\u0131m\u0131 - \u00d6zel Tasar\u0131m Modeller - Antre Dekor","isPartOf":{"@id":"https:\/\/antredekor.com\/tr\/#website"},"primaryImageOfPage":{"@id":"https:\/\/antredekor.com\/tr\/urun\/world-dresuar-takimi\/#primaryimage"},"image":{"@id":"https:\/\/antredekor.com\/tr\/urun\/world-dresuar-takimi\/#primaryimage"},"thumbnailUrl":"https:\/\/antredekor.com\/tr\/wp-content\/uploads\/2026\/03\/worlddresuartksiyah.jpeg","datePublished":"2026-03-26T12:27:03+00:00","dateModified":"2026-03-26T15:27:03+00:00","description":"World Dresuar Tak\u0131m\u0131. \u015e\u0131kl\u0131\u011f\u0131na d\u00fc\u015fk\u00fcnlerin tercihi. \u00d6zel tasar\u0131mlara uygun fiyatlarla sahip olun. \u015eimdi sat\u0131n al\u0131n, hemen gelsin!","breadcrumb":{"@id":"https:\/\/antredekor.com\/tr\/urun\/world-dresuar-takimi\/#breadcrumb"},"inLanguage":"tr","potentialAction":[{"@type":"ReadAction","target":["https:\/\/antredekor.com\/tr\/urun\/world-dresuar-takimi\/"]}]},{"@type":"ImageObject","inLanguage":"tr","@id":"https:\/\/antredekor.com\/tr\/urun\/world-dresuar-takimi\/#primaryimage","url":"https:\/\/antredekor.com\/tr\/wp-content\/uploads\/2026\/03\/worlddresuartksiyah.jpeg","contentUrl":"https:\/\/antredekor.com\/tr\/wp-content\/uploads\/2026\/03\/worlddresuartksiyah.jpeg","width":500,"height":675},{"@type":"BreadcrumbList","@id":"https:\/\/antredekor.com\/tr\/urun\/world-dresuar-takimi\/#breadcrumb","itemListElement":[{"@type":"ListItem","position":1,"name":"Anasayfa","item":"https:\/\/antredekor.com\/tr\/"},{"@type":"ListItem","position":2,"name":"\u00dcr\u00fcnler","item":"https:\/\/antredekor.com\/tr\/urunler\/"},{"@type":"ListItem","position":3,"name":"World Dresuar Tak\u0131m\u0131"}]},{"@type":"WebSite","@id":"https:\/\/antredekor.com\/tr\/#website","url":"https:\/\/antredekor.com\/tr\/","name":"Antre Dekor","description":"Sizi kar\u015f\u0131layan detaylar!","publisher":{"@id":"https:\/\/antredekor.com\/tr\/#organization"},"potentialAction":[{"@type":"SearchAction","target":{"@type":"EntryPoint","urlTemplate":"https:\/\/antredekor.com\/tr\/?s={search_term_string}"},"query-input":{"@type":"PropertyValueSpecification","valueRequired":true,"valueName":"search_term_string"}}],"inLanguage":"tr"},{"@type":"Organization","@id":"https:\/\/antredekor.com\/tr\/#organization","name":"Antredekor","url":"https:\/\/antredekor.com\/tr\/","logo":{"@type":"ImageObject","inLanguage":"tr","@id":"https:\/\/antredekor.com\/tr\/#\/schema\/logo\/image\/","url":"https:\/\/antredekor.com\/tr\/wp-content\/uploads\/2021\/02\/antre-dekor-logo-sari-270x270-1.png","contentUrl":"https:\/\/antredekor.com\/tr\/wp-content\/uploads\/2021\/02\/antre-dekor-logo-sari-270x270-1.png","width":270,"height":268,"caption":"Antredekor"},"image":{"@id":"https:\/\/antredekor.com\/tr\/#\/schema\/logo\/image\/"}}]}},"_links":{"self":[{"href":"https:\/\/antredekor.com\/tr\/wp-json\/wp\/v2\/product\/6044","targetHints":{"allow":["GET"]}}],"collection":[{"href":"https:\/\/antredekor.com\/tr\/wp-json\/wp\/v2\/product"}],"about":[{"href":"https:\/\/antredekor.com\/tr\/wp-json\/wp\/v2\/types\/product"}],"wp:featuredmedia":[{"embeddable":true,"href":"https:\/\/antredekor.com\/tr\/wp-json\/wp\/v2\/media\/6053"}],"wp:attachment":[{"href":"https:\/\/antredekor.com\/tr\/wp-json\/wp\/v2\/media?parent=6044"}],"wp:term":[{"taxonomy":"product_brand","embeddable":true,"href":"https:\/\/antredekor.com\/tr\/wp-json\/wp\/v2\/product_brand?post=6044"},{"taxonomy":"product_cat","embeddable":true,"href":"https:\/\/antredekor.com\/tr\/wp-json\/wp\/v2\/product_cat?post=6044"},{"taxonomy":"product_tag","embeddable":true,"href":"https:\/\/antredekor.com\/tr\/wp-json\/wp\/v2\/product_tag?post=6044"}],"curies":[{"name":"wp","href":"https:\/\/api.w.org\/{rel}","templated":true}]}}